{"id":7,"date":"2022-03-02T03:10:08","date_gmt":"2022-03-02T08:10:08","guid":{"rendered":"https:\/\/natapr.com\/?page_id=7"},"modified":"2025-07-10T18:45:17","modified_gmt":"2025-07-10T22:45:17","slug":"accueil","status":"publish","type":"page","link":"https:\/\/natapr.com\/fr\/","title":{"rendered":"Accueil"},"content":{"rendered":"\t\t<div data-elementor-type=\"wp-page\" data-elementor-id=\"7\" class=\"elementor elementor-7\">\n\t\t\t\t\t\t<div class=\"elementor-inner\">\n\t\t\t\t<div class=\"elementor-section-wrap\">\n\t\t\t\t\t\t\t\t\t<section data-dce-background-color=\"#ffffff\" data-dce-background-overlay-color=\"#000000\" data-dce-background-image-url=\"https:\/\/natapr.com\/wp-content\/uploads\/2022\/03\/head1.jpg\" class=\"elementor-section elementor-top-section elementor-element elementor-element-b0cda21 elementor-section-height-min-height elementor-section-content-middle elementor-section-boxed elementor-section-height-default elementor-section-items-middle\" data-id=\"b0cda21\" data-element_type=\"section\" data-settings=\"{&quot;background_background&quot;:&quot;classic&quot;}\">\n\t\t\t\t\t\t\t<div class=\"elementor-background-overlay\"><\/div>\n\t\t\t\t\t\t\t<div class=\"elementor-container elementor-column-gap-default\">\n\t\t\t\t\t\t\t<div class=\"elementor-row\">\n\t\t\t\t\t<div class=\"elementor-column elementor-col-100 elementor-top-column elementor-element elementor-element-4cb3b49a\" data-id=\"4cb3b49a\" data-element_type=\"column\">\n\t\t\t<div class=\"elementor-column-wrap elementor-element-populated\">\n\t\t\t\t\t\t\t<div class=\"elementor-widget-wrap\">\n\t\t\t\t\t\t<div class=\"elementor-element elementor-element-6eff2eb0 elementor-widget elementor-widget-heading\" data-id=\"6eff2eb0\" data-element_type=\"widget\" data-widget_type=\"heading.default\">\n\t\t\t\t<div class=\"elementor-widget-container\">\n\t\t\t<h5 class=\"elementor-heading-title elementor-size-default\">Travel<\/h5>\t\t<\/div>\n\t\t\t\t<\/div>\n\t\t\t\t<div class=\"elementor-element elementor-element-d94c4c6 elementor-widget elementor-widget-heading\" data-id=\"d94c4c6\" data-element_type=\"widget\" data-widget_type=\"heading.default\">\n\t\t\t\t<div class=\"elementor-widget-container\">\n\t\t\t<h2 class=\"elementor-heading-title elementor-size-default\">17 travel inventions\nwe need right now<\/h2>\t\t<\/div>\n\t\t\t\t<\/div>\n\t\t\t\t<div class=\"elementor-element elementor-element-152022f6 elementor-widget elementor-widget-text-editor\" data-id=\"152022f6\" data-element_type=\"widget\" data-widget_type=\"text-editor.default\">\n\t\t\t\t<div class=\"elementor-widget-container\">\n\t\t\t\t\t\t\t\t<div class=\"elementor-text-editor elementor-clearfix\">\n\t\t\t\t<p>I am text block. Click edit button to change this text. Lorem ipsum dolor sit amet, consectetur adipiscing elit. Ut elit tellus, luctus nec ullamcorper mattis, pulvinar dapibus leo.<\/p>\t\t\t\t\t<\/div>\n\t\t\t\t\t\t<\/div>\n\t\t\t\t<\/div>\n\t\t\t\t<div data-dce-background-color=\"rgba(0,0,0,0)\" class=\"elementor-element elementor-element-44aafcc elementor-widget elementor-widget-button\" data-id=\"44aafcc\" data-element_type=\"widget\" data-widget_type=\"button.default\">\n\t\t\t\t<div class=\"elementor-widget-container\">\n\t\t\t\t\t<div class=\"elementor-button-wrapper\">\n\t\t\t<a href=\"#\" class=\"elementor-button-link elementor-button elementor-size-sm elementor-animation-grow\" role=\"button\">\n\t\t\t\t\t\t<span class=\"elementor-button-content-wrapper\">\n\t\t\t\t\t\t<span class=\"elementor-button-text\">Read More<\/span>\n\t\t<\/span>\n\t\t\t\t\t<\/a>\n\t\t<\/div>\n\t\t\t\t<\/div>\n\t\t\t\t<\/div>\n\t\t\t\t\t\t<\/div>\n\t\t\t\t\t<\/div>\n\t\t<\/div>\n\t\t\t\t\t\t\t\t<\/div>\n\t\t\t\t\t<\/div>\n\t\t<\/section>\n\t\t\t\t\t\t\t\t\t<\/div>\n\t\t\t<\/div>\n\t\t\t\t\t<\/div>\n\t\t","protected":false},"excerpt":{"rendered":"<p>Travel 17 travel inventions we need right now I am text block. Click edit button to change this text. Lorem ipsum dolor sit amet, consectetur adipiscing elit. Ut elit tellus, luctus nec ullamcorper mattis, pulvinar dapibus leo. Read More<\/p>\n","protected":false},"author":2,"featured_media":0,"parent":0,"menu_order":0,"comment_status":"closed","ping_status":"closed","template":"","meta":[],"acf":[],"yoast_head":"<!-- This site is optimized with the Yoast SEO plugin v20.8 - https:\/\/yoast.com\/wordpress\/plugins\/seo\/ -->\n<title>Agence de Relations Publiques | Nata PR<\/title>\n<meta name=\"description\" content=\"Agence de relations publiques sp\u00e9cialis\u00e9e dans le luxe la mode, la beaut\u00e9, l\u2019art de vivre,le tourisme et plus encore. Bas\u00e9e \u00e0 Miami, Toronto et Montr\u00e9al. R\u00e9servez une consultation gratuite d\u00e8s aujourd\u2019hui\u202f!\" \/>\n<meta name=\"robots\" content=\"index, follow, max-snippet:-1, max-image-preview:large, max-video-preview:-1\" \/>\n<link rel=\"canonical\" href=\"https:\/\/natapr.com\/fr\/\" \/>\n<meta property=\"og:locale\" content=\"fr_FR\" \/>\n<meta property=\"og:type\" content=\"article\" \/>\n<meta property=\"og:title\" content=\"Agence de Relations Publiques | Nata PR\" \/>\n<meta property=\"og:description\" content=\"Agence de relations publiques sp\u00e9cialis\u00e9e dans le luxe la mode, la beaut\u00e9, l\u2019art de vivre,le tourisme et plus encore. Bas\u00e9e \u00e0 Miami, Toronto et Montr\u00e9al. R\u00e9servez une consultation gratuite d\u00e8s aujourd\u2019hui\u202f!\" \/>\n<meta property=\"og:url\" content=\"https:\/\/natapr.com\/fr\/\" \/>\n<meta property=\"og:site_name\" content=\"Nata PR\" \/>\n<meta property=\"article:modified_time\" content=\"2025-07-10T22:45:17+00:00\" \/>\n<meta name=\"twitter:card\" content=\"summary_large_image\" \/>\n<meta name=\"twitter:label1\" content=\"Dur\u00e9e de lecture estim\u00e9e\" \/>\n\t<meta name=\"twitter:data1\" content=\"1 minute\" \/>\n<script type=\"application\/ld+json\" class=\"yoast-schema-graph\">{\"@context\":\"https:\/\/schema.org\",\"@graph\":[{\"@type\":\"WebPage\",\"@id\":\"https:\/\/natapr.com\/fr\/\",\"url\":\"https:\/\/natapr.com\/fr\/\",\"name\":\"Agence de Relations Publiques | Nata PR\",\"isPartOf\":{\"@id\":\"https:\/\/natapr.com\/#website\"},\"datePublished\":\"2022-03-02T08:10:08+00:00\",\"dateModified\":\"2025-07-10T22:45:17+00:00\",\"description\":\"Agence de relations publiques sp\u00e9cialis\u00e9e dans le luxe la mode, la beaut\u00e9, l\u2019art de vivre,le tourisme et plus encore. Bas\u00e9e \u00e0 Miami, Toronto et Montr\u00e9al. R\u00e9servez une consultation gratuite d\u00e8s aujourd\u2019hui\u202f!\",\"breadcrumb\":{\"@id\":\"https:\/\/natapr.com\/fr\/#breadcrumb\"},\"inLanguage\":\"fr-FR\",\"potentialAction\":[{\"@type\":\"ReadAction\",\"target\":[\"https:\/\/natapr.com\/fr\/\"]}]},{\"@type\":\"BreadcrumbList\",\"@id\":\"https:\/\/natapr.com\/fr\/#breadcrumb\",\"itemListElement\":[{\"@type\":\"ListItem\",\"position\":1,\"name\":\"Accueil\",\"item\":\"https:\/\/natapr.com\/fr\/\"},{\"@type\":\"ListItem\",\"position\":2,\"name\":\"Accueil\"}]},{\"@type\":\"WebSite\",\"@id\":\"https:\/\/natapr.com\/#website\",\"url\":\"https:\/\/natapr.com\/\",\"name\":\"Nata PR\",\"description\":\"Cabinet des relations publiques\",\"publisher\":{\"@id\":\"https:\/\/natapr.com\/#organization\"},\"potentialAction\":[{\"@type\":\"SearchAction\",\"target\":{\"@type\":\"EntryPoint\",\"urlTemplate\":\"https:\/\/natapr.com\/?s={search_term_string}\"},\"query-input\":\"required name=search_term_string\"}],\"inLanguage\":\"fr-FR\"},{\"@type\":\"Organization\",\"@id\":\"https:\/\/natapr.com\/#organization\",\"name\":\"Nata PR\",\"url\":\"https:\/\/natapr.com\/\",\"logo\":{\"@type\":\"ImageObject\",\"inLanguage\":\"fr-FR\",\"@id\":\"https:\/\/natapr.com\/#\/schema\/logo\/image\/\",\"url\":\"https:\/\/natapr.com\/wp-content\/uploads\/2022\/03\/icon_logo-1.png\",\"contentUrl\":\"https:\/\/natapr.com\/wp-content\/uploads\/2022\/03\/icon_logo-1.png\",\"width\":100,\"height\":100,\"caption\":\"Nata PR\"},\"image\":{\"@id\":\"https:\/\/natapr.com\/#\/schema\/logo\/image\/\"}}]}<\/script>\n<!-- \/ Yoast SEO plugin. -->","yoast_head_json":{"title":"Agence de Relations Publiques | Nata PR","description":"Agence de relations publiques sp\u00e9cialis\u00e9e dans le luxe la mode, la beaut\u00e9, l\u2019art de vivre,le tourisme et plus encore. Bas\u00e9e \u00e0 Miami, Toronto et Montr\u00e9al. R\u00e9servez une consultation gratuite d\u00e8s aujourd\u2019hui\u202f!","robots":{"index":"index","follow":"follow","max-snippet":"max-snippet:-1","max-image-preview":"max-image-preview:large","max-video-preview":"max-video-preview:-1"},"canonical":"https:\/\/natapr.com\/fr\/","og_locale":"fr_FR","og_type":"article","og_title":"Agence de Relations Publiques | Nata PR","og_description":"Agence de relations publiques sp\u00e9cialis\u00e9e dans le luxe la mode, la beaut\u00e9, l\u2019art de vivre,le tourisme et plus encore. Bas\u00e9e \u00e0 Miami, Toronto et Montr\u00e9al. R\u00e9servez une consultation gratuite d\u00e8s aujourd\u2019hui\u202f!","og_url":"https:\/\/natapr.com\/fr\/","og_site_name":"Nata PR","article_modified_time":"2025-07-10T22:45:17+00:00","twitter_card":"summary_large_image","twitter_misc":{"Dur\u00e9e de lecture estim\u00e9e":"1 minute"},"schema":{"@context":"https:\/\/schema.org","@graph":[{"@type":"WebPage","@id":"https:\/\/natapr.com\/fr\/","url":"https:\/\/natapr.com\/fr\/","name":"Agence de Relations Publiques | Nata PR","isPartOf":{"@id":"https:\/\/natapr.com\/#website"},"datePublished":"2022-03-02T08:10:08+00:00","dateModified":"2025-07-10T22:45:17+00:00","description":"Agence de relations publiques sp\u00e9cialis\u00e9e dans le luxe la mode, la beaut\u00e9, l\u2019art de vivre,le tourisme et plus encore. Bas\u00e9e \u00e0 Miami, Toronto et Montr\u00e9al. R\u00e9servez une consultation gratuite d\u00e8s aujourd\u2019hui\u202f!","breadcrumb":{"@id":"https:\/\/natapr.com\/fr\/#breadcrumb"},"inLanguage":"fr-FR","potentialAction":[{"@type":"ReadAction","target":["https:\/\/natapr.com\/fr\/"]}]},{"@type":"BreadcrumbList","@id":"https:\/\/natapr.com\/fr\/#breadcrumb","itemListElement":[{"@type":"ListItem","position":1,"name":"Accueil","item":"https:\/\/natapr.com\/fr\/"},{"@type":"ListItem","position":2,"name":"Accueil"}]},{"@type":"WebSite","@id":"https:\/\/natapr.com\/#website","url":"https:\/\/natapr.com\/","name":"Nata PR","description":"Cabinet des relations publiques","publisher":{"@id":"https:\/\/natapr.com\/#organization"},"potentialAction":[{"@type":"SearchAction","target":{"@type":"EntryPoint","urlTemplate":"https:\/\/natapr.com\/?s={search_term_string}"},"query-input":"required name=search_term_string"}],"inLanguage":"fr-FR"},{"@type":"Organization","@id":"https:\/\/natapr.com\/#organization","name":"Nata PR","url":"https:\/\/natapr.com\/","logo":{"@type":"ImageObject","inLanguage":"fr-FR","@id":"https:\/\/natapr.com\/#\/schema\/logo\/image\/","url":"https:\/\/natapr.com\/wp-content\/uploads\/2022\/03\/icon_logo-1.png","contentUrl":"https:\/\/natapr.com\/wp-content\/uploads\/2022\/03\/icon_logo-1.png","width":100,"height":100,"caption":"Nata PR"},"image":{"@id":"https:\/\/natapr.com\/#\/schema\/logo\/image\/"}}]}},"_links":{"self":[{"href":"https:\/\/natapr.com\/fr\/wp-json\/wp\/v2\/pages\/7"}],"collection":[{"href":"https:\/\/natapr.com\/fr\/wp-json\/wp\/v2\/pages"}],"about":[{"href":"https:\/\/natapr.com\/fr\/wp-json\/wp\/v2\/types\/page"}],"author":[{"embeddable":true,"href":"https:\/\/natapr.com\/fr\/wp-json\/wp\/v2\/users\/2"}],"replies":[{"embeddable":true,"href":"https:\/\/natapr.com\/fr\/wp-json\/wp\/v2\/comments?post=7"}],"version-history":[{"count":10,"href":"https:\/\/natapr.com\/fr\/wp-json\/wp\/v2\/pages\/7\/revisions"}],"predecessor-version":[{"id":12489,"href":"https:\/\/natapr.com\/fr\/wp-json\/wp\/v2\/pages\/7\/revisions\/12489"}],"wp:attachment":[{"href":"https:\/\/natapr.com\/fr\/wp-json\/wp\/v2\/media?parent=7"}],"curies":[{"name":"wp","href":"https:\/\/api.w.org\/{rel}","templated":true}]}}