{"id":11847,"date":"2024-07-20T18:14:00","date_gmt":"2024-07-20T22:14:00","guid":{"rendered":"https:\/\/natapr.com\/?page_id=11847"},"modified":"2024-07-24T10:19:02","modified_gmt":"2024-07-24T14:19:02","slug":"politique-de-confidentialite","status":"publish","type":"page","link":"https:\/\/natapr.com\/fr\/politique-de-confidentialite\/","title":{"rendered":"Politique de Confidentialite"},"content":{"rendered":"\t\t<div data-elementor-type=\"wp-page\" data-elementor-id=\"11847\" class=\"elementor elementor-11847 elementor-11825\">\n\t\t\t\t\t\t<div class=\"elementor-inner\">\n\t\t\t\t<div class=\"elementor-section-wrap\">\n\t\t\t\t\t\t\t\t\t<section class=\"elementor-section elementor-top-section elementor-element elementor-element-acde5b8 elementor-section-boxed elementor-section-height-default elementor-section-height-default\" data-id=\"acde5b8\" data-element_type=\"section\">\n\t\t\t\t\t\t<div class=\"elementor-container elementor-column-gap-default\">\n\t\t\t\t\t\t\t<div class=\"elementor-row\">\n\t\t\t\t\t<div class=\"elementor-column elementor-col-100 elementor-top-column elementor-element elementor-element-1c7e030\" data-id=\"1c7e030\" data-element_type=\"column\">\n\t\t\t<div class=\"elementor-column-wrap elementor-element-populated\">\n\t\t\t\t\t\t\t<div class=\"elementor-widget-wrap\">\n\t\t\t\t\t\t<div class=\"elementor-element elementor-element-3ab6f97 elementor-widget elementor-widget-heading\" data-id=\"3ab6f97\" data-element_type=\"widget\" data-widget_type=\"heading.default\">\n\t\t\t\t<div class=\"elementor-widget-container\">\n\t\t\t<h2 class=\"elementor-heading-title elementor-size-default\">Politique de Confidentialite<\/h2>\t\t<\/div>\n\t\t\t\t<\/div>\n\t\t\t\t<div class=\"elementor-element elementor-element-b43b20f elementor-widget elementor-widget-text-editor\" data-id=\"b43b20f\" data-element_type=\"widget\" data-widget_type=\"text-editor.default\">\n\t\t\t\t<div class=\"elementor-widget-container\">\n\t\t\t\t\t\t\t\t<div class=\"elementor-text-editor elementor-clearfix\">\n\t\t\t\t<p>Date d\u2019entr\u00e9e en vigueur: 2024-07-17<br \/>Les Productions Nata Inc. (ci-apr\u00e8s \u00ab nous \u00bb, \u00ab notre \u00bb ou \u00ab nos \u00bb) s&rsquo;engage \u00e0 prot\u00e9ger la confidentialit\u00e9 et la s\u00e9curit\u00e9 de vos renseignements personnels. Cette Politique de Confidentialit\u00e9 explique comment nous recueillons, utilisons, divulguons et prot\u00e9geons vos renseignements personnels en conformit\u00e9 avec les lois du Qu\u00e9bec, du Canada et la Loi 25.<\/p><p>1. IDENTIFICATION DE L\u2019ENTREPRISE<br \/>Les Productions NATA inc.<br \/>Adresse : 302-430, rue Saint-Pierre, Montr\u00e9al, Qc, H2Y 2M5<br \/>Courriel : info@natapr.com<br \/>Num\u00e9ro de t\u00e9l\u00e9phone : 514-524-1471<br \/>2. TYPE DE DONN\u00c9ES COLLECT\u00c9ES<br \/>Nous recueillons les types de donn\u00e9es suivants :<\/p><p>Donn\u00e9es personnelles : nom, adresse postale, adresse \u00e9lectronique, num\u00e9ro de t\u00e9l\u00e9phone.<br \/>Donn\u00e9es collect\u00e9es automatiquement : adresse IP, lieu, d\u00e9tails mat\u00e9riels et logiciels, contenu consult\u00e9, liens cliqu\u00e9s.<\/p><p>3. UTILISATION DES DONN\u00c9ES<br \/>Nous utilisons vos renseignements personnels pour :<\/p><p>Personnaliser votre exp\u00e9rience sur notre site web<br \/>Am\u00e9liorer nos produits, services et marketing<\/p><p>4. MESURES DE S\u00c9CURIT\u00c9<br \/>Nous employons des mesures de s\u00e9curit\u00e9 administratives, techniques et physiques pour prot\u00e9ger vos renseignements personnels contre la perte, le vol, l&rsquo;acc\u00e8s non autoris\u00e9, la divulgation, la copie, l&rsquo;utilisation ou la modification. Cela inclut l&rsquo;utilisation de protocoles SSL, de pare-feu et de contr\u00f4les d&rsquo;acc\u00e8s.<\/p><p>5. TRANSFERT INTERNATIONAL DES DONN\u00c9ES<br \/>Les donn\u00e9es utilisateur peuvent \u00eatre consult\u00e9es, trait\u00e9es ou collect\u00e9es dans les pays suivants : France, Espagne, \u00c9tats-Unis, Royaume Uni.<\/p><p>6. DUR\u00c9E D\u2019EXPLOITATION DES DONN\u00c9ES PERSONNELLES<br \/>Nous conservons les donn\u00e9es personnelles pendant une dur\u00e9e de 1 an. Les utilisateurs seront inform\u00e9s si leurs donn\u00e9es sont conserv\u00e9es plus longtemps. Vous pouvez nous contacter pour modifier, supprimer ou anonymiser vos donn\u00e9es personnelles.<\/p><p>7. GESTION DES INCIDENTS DE S\u00c9CURIT\u00c9<br \/>En cas de fuite de vos donn\u00e9es personnelles, nous nous engageons \u00e0 informer les utilisateurs concern\u00e9s et la Commission d\u2019Acc\u00e8s \u00e0 l\u2019Information du Qu\u00e9bec.<\/p><p>8. DROITS DES UTILISATEURS<br \/>En vertu de la Loi 25 et des lois applicables du Qu\u00e9bec et du Canada, vous avez le droit de :<\/p><p>Acc\u00e9der \u00e0 vos renseignements personnels<br \/>Demander la correction de renseignements personnels incorrects ou incomplets<br \/>Retirer votre consentement \u00e0 la collecte, l&rsquo;utilisation ou la divulgation de vos renseignements personnels<br \/>Pour exercer ces droits, veuillez nous contacter \u00e0 :<\/p><p>Les Productions NATA inc.<br \/>302-430, rue Saint-Pierre, Montr\u00e9al, Qc, H2Y 2M5<br \/>nata@natapr.com<br \/>514-524-1471<\/p><p>9. LIENS EXTERNES<br \/>Notre site peut contenir des liens vers des sites externes. Nous ne sommes pas responsables des pratiques de confidentialit\u00e9 de ces sites externes.<\/p><p>10. COOKIES ET TECHNOLOGIES SIMILAIRES<br \/>Nous utilisons des cookies et d&rsquo;autres technologies similaires pour am\u00e9liorer votre exp\u00e9rience sur notre site web. Vous pouvez configurer votre navigateur pour refuser les cookies, mais cela pourrait affecter certaines fonctionnalit\u00e9s de notre site. Nous vous informons \u00e9galement que nous n&rsquo;effectuons du suivi et de l&rsquo;analyse de vos interactions avec notre site qu&rsquo;en cliquant sur le bouton \u00ab\u00a0Accepter\u00a0\u00bb de la banni\u00e8re de consentement en bas de la page. Si vous choisissez de refuser ou de ne pas r\u00e9pondre, aucun suivi ne sera effectu\u00e9 et nous anonymiserons les adresses IP pour toute collecte n\u00e9cessaire de donn\u00e9es.<\/p><p>11. MISE \u00c0 JOUR DE LA POLITIQUE DE CONFIDENTIALIT\u00c9<br \/>Nous pouvons mettre \u00e0 jour cette Politique de Confidentialit\u00e9 de temps en temps pour refl\u00e9ter les changements apport\u00e9s \u00e0 nos pratiques ou aux lois applicables. Nous publierons toute modification sur cette page avec la date de la derni\u00e8re mise \u00e0 jour.<\/p><p>NOUS CONTACTER<br \/>Pour toute question ou pr\u00e9occupation concernant cette Politique de Confidentialit\u00e9 ou nos pratiques en mati\u00e8re de confidentialit\u00e9, veuillez nous contacter \u00e0 :<\/p><p>Natalie BIbeau<br \/>302-430, rue Saint-Pierre, Montr\u00e9al, Qc, H2Y 2M5<br \/>nata@natapr.com<br \/>514-524-1471<\/p>\t\t\t\t\t<\/div>\n\t\t\t\t\t\t<\/div>\n\t\t\t\t<\/div>\n\t\t\t\t\t\t<\/div>\n\t\t\t\t\t<\/div>\n\t\t<\/div>\n\t\t\t\t\t\t\t\t<\/div>\n\t\t\t\t\t<\/div>\n\t\t<\/section>\n\t\t\t\t\t\t\t\t\t<\/div>\n\t\t\t<\/div>\n\t\t\t\t\t<\/div>\n\t\t","protected":false},"excerpt":{"rendered":"<p>Politique de Confidentialite Date d\u2019entr\u00e9e en vigueur: 2024-07-17Les Productions Nata Inc. (ci-apr\u00e8s \u00ab nous \u00bb, \u00ab notre \u00bb ou \u00ab nos \u00bb) s&rsquo;engage \u00e0 prot\u00e9ger la confidentialit\u00e9 et la s\u00e9curit\u00e9 de vos renseignements personnels. Cette Politique de Confidentialit\u00e9 explique comment nous recueillons, utilisons, divulguons et prot\u00e9geons vos renseignements personnels en conformit\u00e9 avec les lois du [&hellip;]<\/p>\n","protected":false},"author":7,"featured_media":0,"parent":0,"menu_order":0,"comment_status":"closed","ping_status":"closed","template":"elementor_header_footer","meta":[],"acf":[],"yoast_head":"<!-- This site is optimized with the Yoast SEO plugin v20.8 - https:\/\/yoast.com\/wordpress\/plugins\/seo\/ -->\n<title>Politique de Confidentialite - Nata PR<\/title>\n<meta name=\"robots\" content=\"index, follow, max-snippet:-1, max-image-preview:large, max-video-preview:-1\" \/>\n<link rel=\"canonical\" href=\"https:\/\/natapr.com\/fr\/politique-de-confidentialite\/\" \/>\n<meta property=\"og:locale\" content=\"fr_FR\" \/>\n<meta property=\"og:type\" content=\"article\" \/>\n<meta property=\"og:title\" content=\"Politique de Confidentialite - Nata PR\" \/>\n<meta property=\"og:description\" content=\"Politique de Confidentialite Date d\u2019entr\u00e9e en vigueur: 2024-07-17Les Productions Nata Inc. (ci-apr\u00e8s \u00ab nous \u00bb, \u00ab notre \u00bb ou \u00ab nos \u00bb) s&rsquo;engage \u00e0 prot\u00e9ger la confidentialit\u00e9 et la s\u00e9curit\u00e9 de vos renseignements personnels. Cette Politique de Confidentialit\u00e9 explique comment nous recueillons, utilisons, divulguons et prot\u00e9geons vos renseignements personnels en conformit\u00e9 avec les lois du [&hellip;]\" \/>\n<meta property=\"og:url\" content=\"https:\/\/natapr.com\/fr\/politique-de-confidentialite\/\" \/>\n<meta property=\"og:site_name\" content=\"Nata PR\" \/>\n<meta property=\"article:modified_time\" content=\"2024-07-24T14:19:02+00:00\" \/>\n<meta name=\"twitter:card\" content=\"summary_large_image\" \/>\n<meta name=\"twitter:label1\" content=\"Dur\u00e9e de lecture estim\u00e9e\" \/>\n\t<meta name=\"twitter:data1\" content=\"3 minutes\" \/>\n<script type=\"application\/ld+json\" class=\"yoast-schema-graph\">{\"@context\":\"https:\/\/schema.org\",\"@graph\":[{\"@type\":\"WebPage\",\"@id\":\"https:\/\/natapr.com\/fr\/politique-de-confidentialite\/\",\"url\":\"https:\/\/natapr.com\/fr\/politique-de-confidentialite\/\",\"name\":\"Politique de Confidentialite - Nata PR\",\"isPartOf\":{\"@id\":\"https:\/\/natapr.com\/#website\"},\"datePublished\":\"2024-07-20T22:14:00+00:00\",\"dateModified\":\"2024-07-24T14:19:02+00:00\",\"breadcrumb\":{\"@id\":\"https:\/\/natapr.com\/fr\/politique-de-confidentialite\/#breadcrumb\"},\"inLanguage\":\"fr-FR\",\"potentialAction\":[{\"@type\":\"ReadAction\",\"target\":[\"https:\/\/natapr.com\/fr\/politique-de-confidentialite\/\"]}]},{\"@type\":\"BreadcrumbList\",\"@id\":\"https:\/\/natapr.com\/fr\/politique-de-confidentialite\/#breadcrumb\",\"itemListElement\":[{\"@type\":\"ListItem\",\"position\":1,\"name\":\"Accueil\",\"item\":\"https:\/\/natapr.com\/fr\/\"},{\"@type\":\"ListItem\",\"position\":2,\"name\":\"Politique de Confidentialite\"}]},{\"@type\":\"WebSite\",\"@id\":\"https:\/\/natapr.com\/#website\",\"url\":\"https:\/\/natapr.com\/\",\"name\":\"Nata PR\",\"description\":\"Cabinet des relations publiques\",\"publisher\":{\"@id\":\"https:\/\/natapr.com\/#organization\"},\"potentialAction\":[{\"@type\":\"SearchAction\",\"target\":{\"@type\":\"EntryPoint\",\"urlTemplate\":\"https:\/\/natapr.com\/?s={search_term_string}\"},\"query-input\":\"required name=search_term_string\"}],\"inLanguage\":\"fr-FR\"},{\"@type\":\"Organization\",\"@id\":\"https:\/\/natapr.com\/#organization\",\"name\":\"Nata PR\",\"url\":\"https:\/\/natapr.com\/\",\"logo\":{\"@type\":\"ImageObject\",\"inLanguage\":\"fr-FR\",\"@id\":\"https:\/\/natapr.com\/#\/schema\/logo\/image\/\",\"url\":\"https:\/\/natapr.com\/wp-content\/uploads\/2022\/03\/icon_logo-1.png\",\"contentUrl\":\"https:\/\/natapr.com\/wp-content\/uploads\/2022\/03\/icon_logo-1.png\",\"width\":100,\"height\":100,\"caption\":\"Nata PR\"},\"image\":{\"@id\":\"https:\/\/natapr.com\/#\/schema\/logo\/image\/\"}}]}<\/script>\n<!-- \/ Yoast SEO plugin. -->","yoast_head_json":{"title":"Politique de Confidentialite - Nata PR","robots":{"index":"index","follow":"follow","max-snippet":"max-snippet:-1","max-image-preview":"max-image-preview:large","max-video-preview":"max-video-preview:-1"},"canonical":"https:\/\/natapr.com\/fr\/politique-de-confidentialite\/","og_locale":"fr_FR","og_type":"article","og_title":"Politique de Confidentialite - Nata PR","og_description":"Politique de Confidentialite Date d\u2019entr\u00e9e en vigueur: 2024-07-17Les Productions Nata Inc. (ci-apr\u00e8s \u00ab nous \u00bb, \u00ab notre \u00bb ou \u00ab nos \u00bb) s&rsquo;engage \u00e0 prot\u00e9ger la confidentialit\u00e9 et la s\u00e9curit\u00e9 de vos renseignements personnels. Cette Politique de Confidentialit\u00e9 explique comment nous recueillons, utilisons, divulguons et prot\u00e9geons vos renseignements personnels en conformit\u00e9 avec les lois du [&hellip;]","og_url":"https:\/\/natapr.com\/fr\/politique-de-confidentialite\/","og_site_name":"Nata PR","article_modified_time":"2024-07-24T14:19:02+00:00","twitter_card":"summary_large_image","twitter_misc":{"Dur\u00e9e de lecture estim\u00e9e":"3 minutes"},"schema":{"@context":"https:\/\/schema.org","@graph":[{"@type":"WebPage","@id":"https:\/\/natapr.com\/fr\/politique-de-confidentialite\/","url":"https:\/\/natapr.com\/fr\/politique-de-confidentialite\/","name":"Politique de Confidentialite - Nata PR","isPartOf":{"@id":"https:\/\/natapr.com\/#website"},"datePublished":"2024-07-20T22:14:00+00:00","dateModified":"2024-07-24T14:19:02+00:00","breadcrumb":{"@id":"https:\/\/natapr.com\/fr\/politique-de-confidentialite\/#breadcrumb"},"inLanguage":"fr-FR","potentialAction":[{"@type":"ReadAction","target":["https:\/\/natapr.com\/fr\/politique-de-confidentialite\/"]}]},{"@type":"BreadcrumbList","@id":"https:\/\/natapr.com\/fr\/politique-de-confidentialite\/#breadcrumb","itemListElement":[{"@type":"ListItem","position":1,"name":"Accueil","item":"https:\/\/natapr.com\/fr\/"},{"@type":"ListItem","position":2,"name":"Politique de Confidentialite"}]},{"@type":"WebSite","@id":"https:\/\/natapr.com\/#website","url":"https:\/\/natapr.com\/","name":"Nata PR","description":"Cabinet des relations publiques","publisher":{"@id":"https:\/\/natapr.com\/#organization"},"potentialAction":[{"@type":"SearchAction","target":{"@type":"EntryPoint","urlTemplate":"https:\/\/natapr.com\/?s={search_term_string}"},"query-input":"required name=search_term_string"}],"inLanguage":"fr-FR"},{"@type":"Organization","@id":"https:\/\/natapr.com\/#organization","name":"Nata PR","url":"https:\/\/natapr.com\/","logo":{"@type":"ImageObject","inLanguage":"fr-FR","@id":"https:\/\/natapr.com\/#\/schema\/logo\/image\/","url":"https:\/\/natapr.com\/wp-content\/uploads\/2022\/03\/icon_logo-1.png","contentUrl":"https:\/\/natapr.com\/wp-content\/uploads\/2022\/03\/icon_logo-1.png","width":100,"height":100,"caption":"Nata PR"},"image":{"@id":"https:\/\/natapr.com\/#\/schema\/logo\/image\/"}}]}},"_links":{"self":[{"href":"https:\/\/natapr.com\/fr\/wp-json\/wp\/v2\/pages\/11847"}],"collection":[{"href":"https:\/\/natapr.com\/fr\/wp-json\/wp\/v2\/pages"}],"about":[{"href":"https:\/\/natapr.com\/fr\/wp-json\/wp\/v2\/types\/page"}],"author":[{"embeddable":true,"href":"https:\/\/natapr.com\/fr\/wp-json\/wp\/v2\/users\/7"}],"replies":[{"embeddable":true,"href":"https:\/\/natapr.com\/fr\/wp-json\/wp\/v2\/comments?post=11847"}],"version-history":[{"count":10,"href":"https:\/\/natapr.com\/fr\/wp-json\/wp\/v2\/pages\/11847\/revisions"}],"predecessor-version":[{"id":11876,"href":"https:\/\/natapr.com\/fr\/wp-json\/wp\/v2\/pages\/11847\/revisions\/11876"}],"wp:attachment":[{"href":"https:\/\/natapr.com\/fr\/wp-json\/wp\/v2\/media?parent=11847"}],"curies":[{"name":"wp","href":"https:\/\/api.w.org\/{rel}","templated":true}]}}